{"id":853,"date":"2025-09-21T22:02:58","date_gmt":"2025-09-21T22:02:58","guid":{"rendered":"https:\/\/qatar.docshipper.com\/fr\/?page_id=853"},"modified":"2025-09-21T22:07:27","modified_gmt":"2025-09-21T22:07:27","slug":"reseau-international","status":"publish","type":"page","link":"https:\/\/qatar.docshipper.com\/fr\/reseau-international\/","title":{"rendered":"Notre r\u00e9seau"},"content":{"rendered":"\t\t<div data-elementor-type=\"wp-page\" data-elementor-id=\"853\" class=\"elementor elementor-853\" data-elementor-post-type=\"page\">\n\t\t\t\t\t\t<section class=\"elementor-section elementor-top-section elementor-element elementor-element-54c94b59 elementor-section-full_width elementor-section-height-default elementor-section-height-default\" data-id=\"54c94b59\" data-element_type=\"section\" data-e-type=\"section\" data-settings=\"{&quot;background_background&quot;:&quot;classic&quot;,&quot;shape_divider_bottom&quot;:&quot;curve&quot;}\">\n\t\t\t\t\t<div class=\"elementor-shape elementor-shape-bottom\" aria-hidden=\"true\" data-negative=\"false\">\n\t\t\t<svg xmlns=\"http:\/\/www.w3.org\/2000\/svg\" viewBox=\"0 0 1000 100\" preserveAspectRatio=\"none\">\n    <path class=\"elementor-shape-fill\" d=\"M1000,4.3V0H0v4.3C0.9,23.1,126.7,99.2,500,100S1000,22.7,1000,4.3z\"\/>\n<\/svg>\t\t<\/div>\n\t\t\t\t\t<div class=\"elementor-container elementor-column-gap-default\">\n\t\t\t\t\t<div class=\"elementor-column elementor-col-100 elementor-top-column elementor-element elementor-element-7ebb1dc9\" data-id=\"7ebb1dc9\" data-element_type=\"column\" data-e-type=\"column\">\n\t\t\t<div class=\"elementor-widget-wrap elementor-element-populated\">\n\t\t\t\t\t\t<section class=\"elementor-section elementor-inner-section elementor-element elementor-element-7b498211 elementor-section-boxed elementor-section-height-default elementor-section-height-default\" data-id=\"7b498211\" data-element_type=\"section\" data-e-type=\"section\">\n\t\t\t\t\t\t<div class=\"elementor-container elementor-column-gap-default\">\n\t\t\t\t\t<div class=\"elementor-column elementor-col-100 elementor-inner-column elementor-element elementor-element-29ef2e28\" data-id=\"29ef2e28\" data-element_type=\"column\" data-e-type=\"column\">\n\t\t\t<div class=\"elementor-widget-wrap elementor-element-populated\">\n\t\t\t\t\t\t<div class=\"elementor-element elementor-element-ea37cc8 elementor-widget elementor-widget-docshipper-theme-section-title-one-widget\" data-id=\"ea37cc8\" data-element_type=\"widget\" data-e-type=\"widget\" data-widget_type=\"docshipper-theme-section-title-one-widget.default\">\n\t\t\t\t<div class=\"elementor-widget-container\">\n\t\t\t\t\t        <div class=\"title-area\">\r\n                        <h2 class=\"sec-title style2\">R\u00e9seau d'exp\u00e9dition <span>\u00e0 travers le Qatar<\/span><\/h2>                                        <p class=\"sec-text\">Chez DocShipper, notre mission est de vous accompagner\u2014que vous soyez un particulier, une PME ou une grande entreprise\u2014dans la gestion des complexit\u00e9s du secteur logistique. Gr\u00e2ce \u00e0 un r\u00e9seau solide d'agents pr\u00e9sents dans tous les a\u00e9roports, ports, villes et r\u00e9gions, nous sommes pr\u00eats \u00e0 r\u00e9pondre \u00e0 vos besoins d'exp\u00e9dition, quel que soit le mode de transport.<\/p>\r\n            \r\n        <\/div>\r\n\t\t\t\t<\/div>\n\t\t\t\t<\/div>\n\t\t\t\t\t<\/div>\n\t\t<\/div>\n\t\t\t\t\t<\/div>\n\t\t<\/section>\n\t\t\t\t\t<\/div>\n\t\t<\/div>\n\t\t\t\t\t<\/div>\n\t\t<\/section>\n\t\t\t\t<section class=\"elementor-section elementor-top-section elementor-element elementor-element-4a4166a1 elementor-section-full_width elementor-section-height-default elementor-section-height-default\" data-id=\"4a4166a1\" data-element_type=\"section\" data-e-type=\"section\" data-settings=\"{&quot;background_background&quot;:&quot;classic&quot;}\">\n\t\t\t\t\t\t<div class=\"elementor-container elementor-column-gap-default\">\n\t\t\t\t\t<div class=\"elementor-column elementor-col-100 elementor-top-column elementor-element elementor-element-1408d569\" data-id=\"1408d569\" data-element_type=\"column\" data-e-type=\"column\">\n\t\t\t<div class=\"elementor-widget-wrap elementor-element-populated\">\n\t\t\t\t\t\t<section class=\"elementor-section elementor-inner-section elementor-element elementor-element-319c34a3 elementor-section-height-min-height elementor-section-boxed elementor-section-height-default\" data-id=\"319c34a3\" data-element_type=\"section\" data-e-type=\"section\">\n\t\t\t\t\t\t<div class=\"elementor-container elementor-column-gap-default\">\n\t\t\t\t\t<div class=\"elementor-column elementor-col-100 elementor-inner-column elementor-element elementor-element-461f88ec\" data-id=\"461f88ec\" data-element_type=\"column\" data-e-type=\"column\">\n\t\t\t<div class=\"elementor-widget-wrap elementor-element-populated\">\n\t\t\t\t\t\t<div class=\"elementor-element elementor-element-60bcfcd3 elementor-widget__width-initial elementor-widget elementor-widget-docshipper-theme-section-title-one-widget\" data-id=\"60bcfcd3\" data-element_type=\"widget\" data-e-type=\"widget\" data-widget_type=\"docshipper-theme-section-title-one-widget.default\">\n\t\t\t\t<div class=\"elementor-widget-container\">\n\t\t\t\t\t        <div class=\"title-area\">\r\n                        <h2 class=\"sec-title style2\"><span>Pays<\/span><\/h2>                        \r\n        <\/div>\r\n\t\t\t\t<\/div>\n\t\t\t\t<\/div>\n\t\t<div class=\"elementor-element elementor-element-59c96cf1 e-grid e-con-boxed e-con e-parent\" data-id=\"59c96cf1\" data-element_type=\"container\" data-e-type=\"container\">\n\t\t\t\t\t<div class=\"e-con-inner\">\n\t\t<div class=\"elementor-element elementor-element-262305a0 e-con-full e-flex e-con e-child\" data-id=\"262305a0\" data-element_type=\"container\" data-e-type=\"container\">\n\t\t\t\t<div class=\"elementor-element elementor-element-18539909 elementor-widget elementor-widget-heading\" data-id=\"18539909\" data-element_type=\"widget\" data-e-type=\"widget\" data-widget_type=\"heading.default\">\n\t\t\t\t\t<h3 class=\"elementor-heading-title elementor-size-default\"><a href=\"https:\/\/qatar.docshipper.com\/fr\/transitaire-agent-approvisionnement-vietnam\/\">Transitaire &amp; Agent d\u2019approvisionnement au Vietnam<\/a><\/h3>\t\t\t\t<\/div>\n\t\t\t\t<\/div>\n\t\t<div class=\"elementor-element elementor-element-396ffaf4 e-con-full e-flex e-con e-child\" data-id=\"396ffaf4\" data-element_type=\"container\" data-e-type=\"container\">\n\t\t\t\t<div class=\"elementor-element elementor-element-3c4c9b2d elementor-widget elementor-widget-heading\" data-id=\"3c4c9b2d\" data-element_type=\"widget\" data-e-type=\"widget\" data-widget_type=\"heading.default\">\n\t\t\t\t\t<h3 class=\"elementor-heading-title elementor-size-default\"><a href=\"https:\/\/qatar.docshipper.com\/fr\/transitaire-agent-approvisionnement-france\/\">Transitaire &amp; Agent d\u2019approvisionnement en France<\/a><\/h3>\t\t\t\t<\/div>\n\t\t\t\t<\/div>\n\t\t\t\t\t<\/div>\n\t\t\t\t<\/div>\n\t\t\t\t\t<\/div>\n\t\t<\/div>\n\t\t\t\t\t<\/div>\n\t\t<\/section>\n\t\t\t\t\t<\/div>\n\t\t<\/div>\n\t\t\t\t\t<\/div>\n\t\t<\/section>\n\t\t\t\t<\/div>\n\t\t","protected":false},"excerpt":{"rendered":"<p>R\u00e9seau d&rsquo;exp\u00e9dition \u00e0 travers le Qatar Chez DocShipper, notre mission est de vous accompagner\u2014que vous soyez un particulier, une PME ou une grande entreprise\u2014dans la gestion des complexit\u00e9s du secteur logistique. Gr\u00e2ce \u00e0 un r\u00e9seau solide d&rsquo;agents pr\u00e9sents dans tous les a\u00e9roports, ports, villes et r\u00e9gions, nous sommes pr\u00eats \u00e0 r\u00e9pondre \u00e0 vos besoins d&rsquo;exp\u00e9dition,<\/p>\n","protected":false},"author":1,"featured_media":0,"parent":0,"menu_order":0,"comment_status":"closed","ping_status":"closed","template":"elementor_header_footer","meta":{"inline_featured_image":false,"footnotes":""},"class_list":["post-853","page","type-page","status-publish","hentry"],"_links":{"self":[{"href":"https:\/\/qatar.docshipper.com\/fr\/wp-json\/wp\/v2\/pages\/853","targetHints":{"allow":["GET"]}}],"collection":[{"href":"https:\/\/qatar.docshipper.com\/fr\/wp-json\/wp\/v2\/pages"}],"about":[{"href":"https:\/\/qatar.docshipper.com\/fr\/wp-json\/wp\/v2\/types\/page"}],"author":[{"embeddable":true,"href":"https:\/\/qatar.docshipper.com\/fr\/wp-json\/wp\/v2\/users\/1"}],"replies":[{"embeddable":true,"href":"https:\/\/qatar.docshipper.com\/fr\/wp-json\/wp\/v2\/comments?post=853"}],"version-history":[{"count":13,"href":"https:\/\/qatar.docshipper.com\/fr\/wp-json\/wp\/v2\/pages\/853\/revisions"}],"predecessor-version":[{"id":868,"href":"https:\/\/qatar.docshipper.com\/fr\/wp-json\/wp\/v2\/pages\/853\/revisions\/868"}],"wp:attachment":[{"href":"https:\/\/qatar.docshipper.com\/fr\/wp-json\/wp\/v2\/media?parent=853"}],"curies":[{"name":"wp","href":"https:\/\/api.w.org\/{rel}","templated":true}]}}