{"id":700,"date":"2025-09-21T14:51:04","date_gmt":"2025-09-21T14:51:04","guid":{"rendered":"https:\/\/qatar.docshipper.com\/fr\/?page_id=700"},"modified":"2025-09-22T09:51:30","modified_gmt":"2025-09-22T09:51:30","slug":"merci-pour-votre-demande","status":"publish","type":"page","link":"https:\/\/qatar.docshipper.com\/fr\/merci-pour-votre-demande\/","title":{"rendered":"Merci pour votre demande"},"content":{"rendered":"\t\t<div data-elementor-type=\"wp-page\" data-elementor-id=\"700\" class=\"elementor elementor-700\" data-elementor-post-type=\"page\">\n\t\t\t\t\t\t<section class=\"elementor-section elementor-top-section elementor-element elementor-element-41d6924f elementor-section-boxed elementor-section-height-default elementor-section-height-default\" data-id=\"41d6924f\" data-element_type=\"section\" data-e-type=\"section\" data-settings=\"{&quot;background_background&quot;:&quot;classic&quot;}\">\n\t\t\t\t\t\t\t<div class=\"elementor-background-overlay\"><\/div>\n\t\t\t\t\t\t\t<div class=\"elementor-container elementor-column-gap-default\">\n\t\t\t\t\t<div class=\"elementor-column elementor-col-100 elementor-top-column elementor-element elementor-element-565dde35\" data-id=\"565dde35\" data-element_type=\"column\" data-e-type=\"column\">\n\t\t\t<div class=\"elementor-widget-wrap elementor-element-populated\">\n\t\t\t\t\t\t<div class=\"elementor-element elementor-element-cf11fd4 elementor-widget elementor-widget-docshipper-theme-section-title-one-widget\" data-id=\"cf11fd4\" data-element_type=\"widget\" data-e-type=\"widget\" data-widget_type=\"docshipper-theme-section-title-one-widget.default\">\n\t\t\t\t<div class=\"elementor-widget-container\">\n\t\t\t\t\t        <div class=\"title-area\">\r\n                        <h1 class=\"sec-title style2\">Merci pour votre confiance !<\/h1>                        \r\n        <\/div>\r\n\t\t\t\t<\/div>\n\t\t\t\t<\/div>\n\t\t\t\t\t<\/div>\n\t\t<\/div>\n\t\t\t\t\t<\/div>\n\t\t<\/section>\n\t\t\t\t<section class=\"elementor-section elementor-top-section elementor-element elementor-element-37f5d81b elementor-section-boxed elementor-section-height-default elementor-section-height-default\" data-id=\"37f5d81b\" data-element_type=\"section\" data-e-type=\"section\" data-settings=\"{&quot;background_background&quot;:&quot;classic&quot;}\">\n\t\t\t\t\t\t<div class=\"elementor-container elementor-column-gap-default\">\n\t\t\t\t\t<div class=\"elementor-column elementor-col-100 elementor-top-column elementor-element elementor-element-6627cd69\" data-id=\"6627cd69\" data-element_type=\"column\" data-e-type=\"column\">\n\t\t\t<div class=\"elementor-widget-wrap elementor-element-populated\">\n\t\t\t\t\t\t<section class=\"elementor-section elementor-inner-section elementor-element elementor-element-216d0115 elementor-section-full_width elementor-section-height-default elementor-section-height-default\" data-id=\"216d0115\" data-element_type=\"section\" data-e-type=\"section\">\n\t\t\t\t\t\t<div class=\"elementor-container elementor-column-gap-default\">\n\t\t\t\t\t<div class=\"elementor-column elementor-col-50 elementor-inner-column elementor-element elementor-element-3d68bde7\" data-id=\"3d68bde7\" data-element_type=\"column\" data-e-type=\"column\">\n\t\t\t<div class=\"elementor-widget-wrap elementor-element-populated\">\n\t\t\t\t\t\t<div class=\"elementor-element elementor-element-6f2a6e7f elementor-widget elementor-widget-text-editor\" data-id=\"6f2a6e7f\" data-element_type=\"widget\" data-e-type=\"widget\" data-widget_type=\"text-editor.default\">\n\t\t\t\t\t\t\t\t\t<p style=\"font-size: 24px;\"><span style=\"color: #ad1225;\"><strong>Merci de nous avoir contact\u00e9s !<\/strong><\/span><\/p><p style=\"font-size: 22px;\">Nous avons bien re\u00e7u votre demande et vous r\u00e9pondrons sous 24 \u00e0 48 heures. En attendant, si vous avez d&rsquo;autres questions, n&rsquo;h\u00e9sitez pas \u00e0 nous envoyer un email \u00e0 :<\/p><p style=\"font-size: 22px;\"><span style=\"color: #05224d;\"><strong><a style=\"font-size: 22px; color: #05224d;\" rel=\"noopener\">info@docshipper.com<\/a><\/strong>.<\/span><\/p><p style=\"font-size: 22px;\">Avez-vous d\u00e9j\u00e0 collabor\u00e9 avec nous ? Contactez votre repr\u00e9sentant d\u00e9di\u00e9, et nous commencerons imm\u00e9diatement \u00e0 planifier votre projet. Nous vous remercions de votre confiance et sommes impatients de r\u00e9pondre \u00e0 vos besoins !<\/p><p style=\"font-size: 22px;\"><span style=\"color: #05224d;\"><strong>\u2013 L&rsquo;\u00e9quipe DocShipper<\/strong><\/span><\/p>\t\t\t\t\t\t\t\t<\/div>\n\t\t\t\t\t<\/div>\n\t\t<\/div>\n\t\t\t\t<div class=\"elementor-column elementor-col-50 elementor-inner-column elementor-element elementor-element-2a9dab37\" data-id=\"2a9dab37\" data-element_type=\"column\" data-e-type=\"column\">\n\t\t\t<div class=\"elementor-widget-wrap elementor-element-populated\">\n\t\t\t\t\t\t<div class=\"elementor-element elementor-element-760c99c4 elementor-widget__width-initial elementor-widget elementor-widget-video\" data-id=\"760c99c4\" data-element_type=\"widget\" data-e-type=\"widget\" data-settings=\"{&quot;video_type&quot;:&quot;hosted&quot;,&quot;autoplay&quot;:&quot;yes&quot;,&quot;loop&quot;:&quot;yes&quot;}\" data-widget_type=\"video.default\">\n\t\t\t\t\t\t\t<div class=\"e-hosted-video elementor-wrapper elementor-open-inline\">\n\t\t\t\t\t<video class=\"elementor-video\" src=\"https:\/\/qatar.docshipper.com\/fr\/wp-content\/uploads\/sites\/3\/2025\/09\/Template-Image-website.mp4\" autoplay=\"\" loop=\"\" controlsList=\"nodownload\"><\/video>\n\t\t\t\t<\/div>\n\t\t\t\t\t\t<\/div>\n\t\t\t\t\t<\/div>\n\t\t<\/div>\n\t\t\t\t\t<\/div>\n\t\t<\/section>\n\t\t\t\t\t<\/div>\n\t\t<\/div>\n\t\t\t\t\t<\/div>\n\t\t<\/section>\n\t\t<div class=\"elementor-element elementor-element-6676dd86 e-flex e-con-boxed e-con e-parent\" data-id=\"6676dd86\" data-element_type=\"container\" data-e-type=\"container\">\n\t\t\t\t\t<div class=\"e-con-inner\">\n\t\t\t\t<div class=\"elementor-element elementor-element-760b0706 elementor-widget elementor-widget-docshipper-theme-section-title-one-widget\" data-id=\"760b0706\" data-element_type=\"widget\" data-e-type=\"widget\" data-widget_type=\"docshipper-theme-section-title-one-widget.default\">\n\t\t\t\t<div class=\"elementor-widget-container\">\n\t\t\t\t\t        <div class=\"title-area\">\r\n                            <span class=\"sub-title\">\r\n                    D\u00e9couvrez nos ressources !                <\/span>\r\n                        <h2 class=\"sec-title style2\"><span>Pendant que nous traitons<\/span> votre demande<\/h2>                        \r\n        <\/div>\r\n\t\t\t\t<\/div>\n\t\t\t\t<\/div>\n\t\t\t\t\t<\/div>\n\t\t\t\t<\/div>\n\t\t\t\t<section class=\"elementor-section elementor-top-section elementor-element elementor-element-389daf4e elementor-section-boxed elementor-section-height-default elementor-section-height-default\" data-id=\"389daf4e\" data-element_type=\"section\" data-e-type=\"section\">\n\t\t\t\t\t\t<div class=\"elementor-container elementor-column-gap-default\">\n\t\t\t\t\t<div class=\"elementor-column elementor-col-100 elementor-top-column elementor-element elementor-element-5e1dd4b8\" data-id=\"5e1dd4b8\" data-element_type=\"column\" data-e-type=\"column\">\n\t\t\t<div class=\"elementor-widget-wrap elementor-element-populated\">\n\t\t\t\t\t\t<section class=\"elementor-section elementor-inner-section elementor-element elementor-element-6e29b426 elementor-section-boxed elementor-section-height-default elementor-section-height-default\" data-id=\"6e29b426\" data-element_type=\"section\" data-e-type=\"section\">\n\t\t\t\t\t\t<div class=\"elementor-container elementor-column-gap-default\">\n\t\t\t\t\t<div class=\"elementor-column elementor-col-50 elementor-inner-column elementor-element elementor-element-470b0247\" data-id=\"470b0247\" data-element_type=\"column\" data-e-type=\"column\">\n\t\t\t<div class=\"elementor-widget-wrap elementor-element-populated\">\n\t\t\t\t\t\t<div class=\"elementor-element elementor-element-585a891d image-box-wrap-btn-none elementor-widget elementor-widget-docshipper-image-box-widget\" data-id=\"585a891d\" data-element_type=\"widget\" data-e-type=\"widget\" data-widget_type=\"docshipper-image-box-widget.default\">\n\t\t\t\t<div class=\"elementor-widget-container\">\n\t\t\t\t\t        <div class=\"image-box-wrap bottom-right wow animated fadeInUp\" data-wow-duration=\"1.5s\" data-wow-delay=\"0.4s\">\r\n            <div class=\"content-inner\">\r\n                <h3 class=\"title\" >Guide d'exp\u00e9ditions<\/h3>                                    <p class=\"content\">Des guides simples et pratiques pour chaque pays, pour que votre transport depuis le Qatar soit une r\u00e9ussite.<\/p>\r\n                                                    <a class=\"btn btn-base\" href=\"https:\/\/qatar.docshipper.com\/fr\/guide-pays\/\">\r\n                                                    <span class=\"btn_texts\">\r\n                                Explorer                            <\/span>\r\n                                                                            <span class=\"btn_icons float-end\">\r\n                                <svg xmlns=\"http:\/\/www.w3.org\/2000\/svg\" width=\"13\" height=\"13\" viewBox=\"0 0 13 13\" fill=\"none\"><path d=\"M2.0504 12.6478L10.6559 4.04231L10.663 9.11227H12.657L12.657 0.626986L4.17172 0.626985V2.62103L9.24168 2.6281L0.636189 11.2336L2.0504 12.6478Z\" fill=\"currentColor\"><\/path><\/svg>                            <\/span>\r\n                                            <\/a>\r\n                            <\/div>\r\n                                <div class=\"thumb image-dark\">\r\n                        <img decoding=\"async\" src=\"https:\/\/qatar.docshipper.com\/fr\/wp-content\/uploads\/sites\/3\/2025\/09\/Illustxration.png\" alt=\"image\">\r\n                    <\/div>\r\n                    <\/div>\r\n\r\n\t\t\t\t<\/div>\n\t\t\t\t<\/div>\n\t\t\t\t\t<\/div>\n\t\t<\/div>\n\t\t\t\t<div class=\"elementor-column elementor-col-50 elementor-inner-column elementor-element elementor-element-2aefe238\" data-id=\"2aefe238\" data-element_type=\"column\" data-e-type=\"column\">\n\t\t\t<div class=\"elementor-widget-wrap elementor-element-populated\">\n\t\t\t\t\t\t<div class=\"elementor-element elementor-element-4f9fa3d5 image-box-wrap-btn-none elementor-widget elementor-widget-docshipper-image-box-widget\" data-id=\"4f9fa3d5\" data-element_type=\"widget\" data-e-type=\"widget\" data-widget_type=\"docshipper-image-box-widget.default\">\n\t\t\t\t<div class=\"elementor-widget-container\">\n\t\t\t\t\t        <div class=\"image-box-wrap bottom-right wow animated fadeInUp\" data-wow-duration=\"1.5s\" data-wow-delay=\"0.3s\">\r\n            <div class=\"content-inner\">\r\n                <h3 class=\"title\" >Blogs<\/h3>                                    <p class=\"content\">Conseils pratiques, analyses de march\u00e9 et actualit\u00e9s sur le commerce international.<\/p>\r\n                                                    <a class=\"btn btn-base\" href=\"https:\/\/qatar.docshipper.com\/fr\/fr-blog\/\">\r\n                                                    <span class=\"btn_texts\">\r\n                                Explorer                            <\/span>\r\n                                                                            <span class=\"btn_icons float-end\">\r\n                                <svg xmlns=\"http:\/\/www.w3.org\/2000\/svg\" width=\"13\" height=\"13\" viewBox=\"0 0 13 13\" fill=\"none\"><path d=\"M2.0504 12.6478L10.6559 4.04231L10.663 9.11227H12.657L12.657 0.626986L4.17172 0.626985V2.62103L9.24168 2.6281L0.636189 11.2336L2.0504 12.6478Z\" fill=\"currentColor\"><\/path><\/svg>                            <\/span>\r\n                                            <\/a>\r\n                            <\/div>\r\n                                <div class=\"thumb image-dark\">\r\n                        <img decoding=\"async\" src=\"https:\/\/qatar.docshipper.com\/fr\/wp-content\/uploads\/sites\/3\/2025\/09\/Illustddration.png\" alt=\"image\">\r\n                    <\/div>\r\n                    <\/div>\r\n\r\n\t\t\t\t<\/div>\n\t\t\t\t<\/div>\n\t\t\t\t\t<\/div>\n\t\t<\/div>\n\t\t\t\t\t<\/div>\n\t\t<\/section>\n\t\t\t\t\t<\/div>\n\t\t<\/div>\n\t\t\t\t\t<\/div>\n\t\t<\/section>\n\t\t\t\t<\/div>\n\t\t","protected":false},"excerpt":{"rendered":"<p>Merci pour votre confiance ! Merci de nous avoir contact\u00e9s ! Nous avons bien re\u00e7u votre demande et vous r\u00e9pondrons sous 24 \u00e0 48 heures. En attendant, si vous avez d&rsquo;autres questions, n&rsquo;h\u00e9sitez pas \u00e0 nous envoyer un email \u00e0 : info@docshipper.com. Avez-vous d\u00e9j\u00e0 collabor\u00e9 avec nous ? Contactez votre repr\u00e9sentant d\u00e9di\u00e9, et nous commencerons<\/p>\n","protected":false},"author":1,"featured_media":0,"parent":0,"menu_order":0,"comment_status":"closed","ping_status":"closed","template":"elementor_header_footer","meta":{"inline_featured_image":false,"footnotes":""},"class_list":["post-700","page","type-page","status-publish","hentry"],"_links":{"self":[{"href":"https:\/\/qatar.docshipper.com\/fr\/wp-json\/wp\/v2\/pages\/700","targetHints":{"allow":["GET"]}}],"collection":[{"href":"https:\/\/qatar.docshipper.com\/fr\/wp-json\/wp\/v2\/pages"}],"about":[{"href":"https:\/\/qatar.docshipper.com\/fr\/wp-json\/wp\/v2\/types\/page"}],"author":[{"embeddable":true,"href":"https:\/\/qatar.docshipper.com\/fr\/wp-json\/wp\/v2\/users\/1"}],"replies":[{"embeddable":true,"href":"https:\/\/qatar.docshipper.com\/fr\/wp-json\/wp\/v2\/comments?post=700"}],"version-history":[{"count":7,"href":"https:\/\/qatar.docshipper.com\/fr\/wp-json\/wp\/v2\/pages\/700\/revisions"}],"predecessor-version":[{"id":711,"href":"https:\/\/qatar.docshipper.com\/fr\/wp-json\/wp\/v2\/pages\/700\/revisions\/711"}],"wp:attachment":[{"href":"https:\/\/qatar.docshipper.com\/fr\/wp-json\/wp\/v2\/media?parent=700"}],"curies":[{"name":"wp","href":"https:\/\/api.w.org\/{rel}","templated":true}]}}